{"id":80,"date":"2024-05-12T12:02:42","date_gmt":"2024-05-12T10:02:42","guid":{"rendered":"https:\/\/elimeliart.it\/?post_type=product&#038;p=80"},"modified":"2026-02-02T09:33:24","modified_gmt":"2026-02-02T07:33:24","slug":"borsa-da-donna-circolare","status":"publish","type":"product","link":"https:\/\/elimeliart.it\/en\/borsa-da-donna-circolare\/","title":{"rendered":"Borsa da Donna Circolare"},"content":{"rendered":"<h3 dir=\"auto\"><strong>Borsa Amsterdam\u00a0<\/strong><\/h3>\n<p>La forma perfetta di un cerchio,non \u00e8 solo estetica, \u00e8 un simbolo che rappresenta tutto ci\u00f2 che \u00e8 completo. Come questa borsa, che racchiude originalit\u00e0,stile e praticit\u00e0. Semirigida,\u00a0 in tessuto di lana liscia,di varie sfumature di grigio.Completamente realizzata a mano. <strong>Amsterdam <\/strong>\u00e8 un pezzo unico ed esclusivo,capiente,foderata ,con tracolla fissa. Ideale sia\u00a0 per il giorno che per la sera.<\/p>\n<p><em><strong>Adatta ad uno stile casual ma anche ricercato<\/strong><\/em><\/p>\n","protected":false},"excerpt":{"rendered":"<p><strong>Borsa Amsterdam\u00a0<\/strong><\/p>\n<p>Semirigida,in tessuto di morbida lana grigia a pi\u00f9 tonalit\u00e0<\/p>\n<p><strong>Misura: Circonferenza\u00a0<\/strong><\/p>\n<p><em><strong>Abbinamento Ideale<\/strong><\/em><\/p>\n<p><a title=\"Abbinata:Borsa Amsterdam+Cappello da Pittore\" href=\"https:\/\/elimeliart.it\/abbinata-borsa-da-donna-circolare-cappello-da-pittore\/\"><strong><span style=\"text-decoration: underline\">Abbinata:Borsa Amsterdam+Cappello da Pittore \u20ac 130,50 anzich\u00e9 \u20ac 145,00<\/span><\/strong><\/a><\/p>\n","protected":false},"featured_media":889,"template":"","meta":[],"product_brand":[],"product_cat":[17],"product_tag":[],"class_list":{"0":"post-80","1":"product","2":"type-product","3":"status-publish","4":"has-post-thumbnail","6":"product_cat-borse","8":"first","9":"instock","10":"taxable","11":"shipping-taxable","12":"purchasable","13":"product-type-simple"},"_links":{"self":[{"href":"https:\/\/elimeliart.it\/en\/wp-json\/wp\/v2\/product\/80","targetHints":{"allow":["GET"]}}],"collection":[{"href":"https:\/\/elimeliart.it\/en\/wp-json\/wp\/v2\/product"}],"about":[{"href":"https:\/\/elimeliart.it\/en\/wp-json\/wp\/v2\/types\/product"}],"wp:featuredmedia":[{"embeddable":true,"href":"https:\/\/elimeliart.it\/en\/wp-json\/wp\/v2\/media\/889"}],"wp:attachment":[{"href":"https:\/\/elimeliart.it\/en\/wp-json\/wp\/v2\/media?parent=80"}],"wp:term":[{"taxonomy":"product_brand","embeddable":true,"href":"https:\/\/elimeliart.it\/en\/wp-json\/wp\/v2\/product_brand?post=80"},{"taxonomy":"product_cat","embeddable":true,"href":"https:\/\/elimeliart.it\/en\/wp-json\/wp\/v2\/product_cat?post=80"},{"taxonomy":"product_tag","embeddable":true,"href":"https:\/\/elimeliart.it\/en\/wp-json\/wp\/v2\/product_tag?post=80"}],"curies":[{"name":"wp","href":"https:\/\/api.w.org\/{rel}","templated":true}]}}