{"id":71,"date":"2024-05-12T11:50:50","date_gmt":"2024-05-12T09:50:50","guid":{"rendered":"https:\/\/elimeliart.it\/?post_type=product&#038;p=71"},"modified":"2026-02-02T09:34:45","modified_gmt":"2026-02-02T07:34:45","slug":"pochette-da-donna-con-fibbia","status":"publish","type":"product","link":"https:\/\/elimeliart.it\/en\/pochette-da-donna-con-fibbia\/","title":{"rendered":"Pochette da Donna con Fibbia"},"content":{"rendered":"<h3 dir=\"auto\"><strong>Pochette Bruxelles\u00a0<\/strong><\/h3>\n<p>Una Borsa non \u00e8 solo un&#8217;accessorio. \u00c8 femminilit\u00e0,emozione,carattere. Un dettaglio che racconta chi siamo. Questa borsa semirigida, completamente realizzata a mano. Pezzo unico ed esclusivo, con tracolla fissa, chiusura a cerniera e piccola fibbia centrale.<strong>Bruxelles<\/strong> \u00e8\u00a0 l&#8217;ideale per le stagioni autunnali e invernali, si adatta a tutte le occasioni,e a qualunque outfit. Sportiva di giorno elegante sera.<\/p>\n<p><em><strong>Ideale per uno stile casual ma anche ricercato<\/strong><\/em><\/p>\n<p>&nbsp;<\/p>\n","protected":false},"excerpt":{"rendered":"<p><strong>Pochette Bruxelles\u00a0<\/strong><\/p>\n<p>Semirigida,tessuto in morbida pelliccia grigia,con gocce bianche<\/p>\n<p><strong>Misure: Larghezza 30 cm Altezza 16 cm<\/strong><\/p>\n<p><em><strong>Abbinamento ideale<\/strong><\/em><\/p>\n<p><a title=\"Abbinata: Pochette Bruxelles+Sciarpa in morbida Pelliccia\" href=\"https:\/\/elimeliart.it\/abbinata-pochette-con-fibbia-sciarpa-grigia\/\"><strong><span style=\"text-decoration: underline\">Abbinata: Bruxelles+Sciarpa in morbida Pelliccia \u20ac 117,00 anzich\u00e9 \u20ac 130,00<\/span><\/strong><\/a><\/p>\n","protected":false},"featured_media":892,"template":"","meta":[],"product_brand":[],"product_cat":[16,17],"product_tag":[],"class_list":{"0":"post-71","1":"product","2":"type-product","3":"status-publish","4":"has-post-thumbnail","6":"product_cat-pochette","7":"product_cat-borse","9":"first","10":"instock","11":"taxable","12":"shipping-taxable","13":"purchasable","14":"product-type-simple"},"_links":{"self":[{"href":"https:\/\/elimeliart.it\/en\/wp-json\/wp\/v2\/product\/71","targetHints":{"allow":["GET"]}}],"collection":[{"href":"https:\/\/elimeliart.it\/en\/wp-json\/wp\/v2\/product"}],"about":[{"href":"https:\/\/elimeliart.it\/en\/wp-json\/wp\/v2\/types\/product"}],"wp:featuredmedia":[{"embeddable":true,"href":"https:\/\/elimeliart.it\/en\/wp-json\/wp\/v2\/media\/892"}],"wp:attachment":[{"href":"https:\/\/elimeliart.it\/en\/wp-json\/wp\/v2\/media?parent=71"}],"wp:term":[{"taxonomy":"product_brand","embeddable":true,"href":"https:\/\/elimeliart.it\/en\/wp-json\/wp\/v2\/product_brand?post=71"},{"taxonomy":"product_cat","embeddable":true,"href":"https:\/\/elimeliart.it\/en\/wp-json\/wp\/v2\/product_cat?post=71"},{"taxonomy":"product_tag","embeddable":true,"href":"https:\/\/elimeliart.it\/en\/wp-json\/wp\/v2\/product_tag?post=71"}],"curies":[{"name":"wp","href":"https:\/\/api.w.org\/{rel}","templated":true}]}}