{"id":562,"date":"2024-10-21T18:25:51","date_gmt":"2024-10-21T16:25:51","guid":{"rendered":"https:\/\/elimeliart.it\/?post_type=product&#038;p=562"},"modified":"2026-02-02T09:25:35","modified_gmt":"2026-02-02T07:25:35","slug":"borsa-brasilia","status":"publish","type":"product","link":"https:\/\/elimeliart.it\/en\/borsa-brasilia\/","title":{"rendered":"ARGENTINA"},"content":{"rendered":"<p><strong>Borsa Argentina<\/strong><\/p>\n<p>Forma ovale e anima versatile: il dettaglio pliss\u00e9 in taffett\u00e0 nero,le dona un tocco sofisticato e inatteso. Completamente realizzata a mano, \u00e8 un pezzo unico ed esclusivo. Semirigida, totalmente foderata,con rinforzo al centro del poggia spalla per una maggiore comodit\u00e0.\u00a0 <strong>Argentina<\/strong> si abbina con eleganza a un cappotto neutro o diventa protagonista con un abito nero.\u00a0<em><strong>Perfetta per chi ama distinguersi con uno stile originale e deciso.<\/strong><\/em><\/p>\n","protected":false},"excerpt":{"rendered":"<ul>\n<li><strong>Borsa Argentina\u00a0<\/strong><\/li>\n<\/ul>\n<p>Semirigida, tessuto Muccato leggermente peloso<\/p>\n<p><strong>Misure:Larghezza max: 40 cm Altezza 19 cm<\/strong><\/p>\n","protected":false},"featured_media":882,"template":"","meta":[],"product_brand":[],"product_cat":[17],"product_tag":[],"class_list":{"0":"post-562","1":"product","2":"type-product","3":"status-publish","4":"has-post-thumbnail","6":"product_cat-borse","8":"first","9":"instock","10":"taxable","11":"shipping-taxable","12":"purchasable","13":"product-type-simple"},"_links":{"self":[{"href":"https:\/\/elimeliart.it\/en\/wp-json\/wp\/v2\/product\/562","targetHints":{"allow":["GET"]}}],"collection":[{"href":"https:\/\/elimeliart.it\/en\/wp-json\/wp\/v2\/product"}],"about":[{"href":"https:\/\/elimeliart.it\/en\/wp-json\/wp\/v2\/types\/product"}],"wp:featuredmedia":[{"embeddable":true,"href":"https:\/\/elimeliart.it\/en\/wp-json\/wp\/v2\/media\/882"}],"wp:attachment":[{"href":"https:\/\/elimeliart.it\/en\/wp-json\/wp\/v2\/media?parent=562"}],"wp:term":[{"taxonomy":"product_brand","embeddable":true,"href":"https:\/\/elimeliart.it\/en\/wp-json\/wp\/v2\/product_brand?post=562"},{"taxonomy":"product_cat","embeddable":true,"href":"https:\/\/elimeliart.it\/en\/wp-json\/wp\/v2\/product_cat?post=562"},{"taxonomy":"product_tag","embeddable":true,"href":"https:\/\/elimeliart.it\/en\/wp-json\/wp\/v2\/product_tag?post=562"}],"curies":[{"name":"wp","href":"https:\/\/api.w.org\/{rel}","templated":true}]}}