{"id":437,"date":"2024-09-09T18:57:16","date_gmt":"2024-09-09T16:57:16","guid":{"rendered":"https:\/\/elimeliart.it\/?post_type=product&#038;p=437"},"modified":"2026-02-02T09:26:57","modified_gmt":"2026-02-02T07:26:57","slug":"borsa-motivotribale-2","status":"publish","type":"product","link":"https:\/\/elimeliart.it\/en\/borsa-motivotribale-2\/","title":{"rendered":"MARRAKECH"},"content":{"rendered":"<p><strong>Borsa Marrakech\u00a0<\/strong><\/p>\n<p>La femminilit\u00e0 non \u00e8 mai la stessa:sono i dettagli a renderla unica. Proprio come te,anche questa borsa \u00e8 definita dai particolari. Semirigida, completamente realizzata a mano,pezzo unico ed esclusivo. Capiente,con fodera a vista in elegante effetto pliss\u00e9,manici liberi in corda di lino,e chiusura con motivo a bottone, sempre in corda.\u00a0<strong>Marrakech\u00a0<\/strong>richiama l eleganza calda e vibrante del Marocco tra ispirazioni etniche e artigianato autentico. <em><strong>Perfetta per chi ama distinguersi con discreta eleganza e un&#8217; anima boh\u00e9mien.<\/strong><\/em><\/p>\n","protected":false},"excerpt":{"rendered":"<p><strong>Borsa Marrakech\u00a0<\/strong><\/p>\n<p>Semirigida in tessuto Gobelin motivo tribale<\/p>\n<p><strong>Misure:Altezza: 38 cm Larghezza: 30 cm base: 8 cm<\/strong><\/p>\n<p><!--more--><\/p>\n","protected":false},"featured_media":884,"template":"","meta":[],"product_brand":[],"product_cat":[17],"product_tag":[],"class_list":{"0":"post-437","1":"product","2":"type-product","3":"status-publish","4":"has-post-thumbnail","6":"product_cat-borse","8":"first","9":"instock","10":"taxable","11":"shipping-taxable","12":"purchasable","13":"product-type-simple"},"_links":{"self":[{"href":"https:\/\/elimeliart.it\/en\/wp-json\/wp\/v2\/product\/437","targetHints":{"allow":["GET"]}}],"collection":[{"href":"https:\/\/elimeliart.it\/en\/wp-json\/wp\/v2\/product"}],"about":[{"href":"https:\/\/elimeliart.it\/en\/wp-json\/wp\/v2\/types\/product"}],"wp:featuredmedia":[{"embeddable":true,"href":"https:\/\/elimeliart.it\/en\/wp-json\/wp\/v2\/media\/884"}],"wp:attachment":[{"href":"https:\/\/elimeliart.it\/en\/wp-json\/wp\/v2\/media?parent=437"}],"wp:term":[{"taxonomy":"product_brand","embeddable":true,"href":"https:\/\/elimeliart.it\/en\/wp-json\/wp\/v2\/product_brand?post=437"},{"taxonomy":"product_cat","embeddable":true,"href":"https:\/\/elimeliart.it\/en\/wp-json\/wp\/v2\/product_cat?post=437"},{"taxonomy":"product_tag","embeddable":true,"href":"https:\/\/elimeliart.it\/en\/wp-json\/wp\/v2\/product_tag?post=437"}],"curies":[{"name":"wp","href":"https:\/\/api.w.org\/{rel}","templated":true}]}}